{"id":106,"date":"2024-12-10T18:38:20","date_gmt":"2024-12-10T18:38:20","guid":{"rendered":"https:\/\/inovamed.pro\/?page_id=106"},"modified":"2026-02-18T23:44:36","modified_gmt":"2026-02-19T02:44:36","slug":"fale-conosco","status":"publish","type":"page","link":"https:\/\/inovamed.pro\/?page_id=106","title":{"rendered":"Fale Conosco"},"content":{"rendered":"<link href=\"https:\/\/fonts.googleapis.com\/css2?family=Playfair+Display:ital,wght@0,400;0,700;0,900;1,400&#038;family=DM+Sans:opsz,wght@9..40,300;9..40,400;9..40,500;9..40,600;9..40,700&#038;family=DM+Mono:wght@400;500&#038;display=swap\" rel=\"stylesheet\">\n\n<style>\n\/* \u2550\u2550\u2550\u2550\u2550\u2550\u2550\u2550\u2550\u2550\u2550\u2550\u2550\u2550\u2550\u2550\u2550\u2550\u2550\u2550\u2550\u2550\u2550\u2550\u2550\u2550\u2550\u2550\u2550\u2550\u2550\u2550\u2550\u2550\u2550\u2550\u2550\u2550\u2550\u2550\u2550\u2550\u2550\u2550\u2550\u2550\n   1. CORRE\u00c7\u00d5ES DE ESTRUTURA (O que fez dar certo)\n   \u2550\u2550\u2550\u2550\u2550\u2550\u2550\u2550\u2550\u2550\u2550\u2550\u2550\u2550\u2550\u2550\u2550\u2550\u2550\u2550\u2550\u2550\u2550\u2550\u2550\u2550\u2550\u2550\u2550\u2550\u2550\u2550\u2550\u2550\u2550\u2550\u2550\u2550\u2550\u2550\u2550\u2550\u2550\u2550\u2550\u2550 *\/\n#content-wrap, .site-content { padding-top: 0 !important; margin-top: 0 !important; }\nbody { background-color: #020817 !important; }\n\n\/* \u2550\u2550\u2550\u2550\u2550\u2550\u2550\u2550\u2550\u2550\u2550\u2550\u2550\u2550\u2550\u2550\u2550\u2550\u2550\u2550\u2550\u2550\u2550\u2550\u2550\u2550\u2550\u2550\u2550\u2550\u2550\u2550\u2550\u2550\u2550\u2550\u2550\u2550\u2550\u2550\u2550\u2550\u2550\u2550\u2550\u2550\n   2. ESTILO DO BOT\u00c3O \"VOLTAR AO TOPO\" (PREMIUM)\n   \u2550\u2550\u2550\u2550\u2550\u2550\u2550\u2550\u2550\u2550\u2550\u2550\u2550\u2550\u2550\u2550\u2550\u2550\u2550\u2550\u2550\u2550\u2550\u2550\u2550\u2550\u2550\u2550\u2550\u2550\u2550\u2550\u2550\u2550\u2550\u2550\u2550\u2550\u2550\u2550\u2550\u2550\u2550\u2550\u2550\u2550 *\/\n#ino-btt-gold {\n    position: fixed;\n    bottom: 30px;\n    right: 30px;\n    width: 50px;\n    height: 50px;\n    \/* Fundo Escuro Profundo *\/\n    background: #020817;\n    \/* Borda Dourada Fina *\/\n    border: 1px solid rgba(201,168,76, 0.4);\n    border-radius: 4px; \/* Levemente arredondado, mas t\u00e9cnico *\/\n    display: flex;\n    align-items: center;\n    justify-content: center;\n    z-index: 99999;\n    cursor: pointer;\n    text-decoration: none;\n    \n    \/* Estado Inicial: Invis\u00edvel e deslocado *\/\n    opacity: 0;\n    visibility: hidden;\n    transform: translateY(20px);\n    transition: all 0.4s cubic-bezier(0.165, 0.84, 0.44, 1);\n    \n    \/* Sombra Elegante *\/\n    box-shadow: 0 10px 30px rgba(0,0,0,0.5);\n}\n\n\/* Estado Vis\u00edvel (Adicionado via JS) *\/\n#ino-btt-gold.is-visible {\n    opacity: 1;\n    visibility: visible;\n    transform: translateY(0);\n}\n\n\/* Hover (Passar o mouse) *\/\n#ino-btt-gold:hover {\n    background: #0d1e3a; \/* Azul um pouco mais claro *\/\n    border-color: #e8c97a; \/* Ouro brilhante *\/\n    box-shadow: 0 0 15px rgba(201,168,76, 0.2);\n    transform: translateY(-3px);\n}\n\n\/* \u00cdcone da Seta *\/\n#ino-btt-gold svg {\n    width: 20px;\n    height: 20px;\n    stroke: #c9a84c; \/* Cor Ouro *\/\n    stroke-width: 2;\n    fill: none;\n    transition: stroke 0.3s ease;\n}\n\n#ino-btt-gold:hover svg {\n    stroke: #ffffff; \/* Fica branco no hover para contraste *\/\n}\n\n\/* Mobile *\/\n@media(max-width: 600px) {\n    #ino-btt-gold { bottom: 20px; right: 20px; width: 44px; height: 44px; }\n}\n\n\/* \u2550\u2550\u2550\u2550\u2550\u2550\u2550\u2550\u2550\u2550\u2550\u2550\u2550\u2550\u2550\u2550\u2550\u2550\u2550\u2550\u2550\u2550\u2550\u2550\u2550\u2550\u2550\u2550\u2550\u2550\u2550\u2550\u2550\u2550\u2550\u2550\u2550\u2550\u2550\u2550\u2550\u2550\u2550\u2550\u2550\u2550\n   3. DESIGN DA P\u00c1GINA (HERO + FORM)\n   \u2550\u2550\u2550\u2550\u2550\u2550\u2550\u2550\u2550\u2550\u2550\u2550\u2550\u2550\u2550\u2550\u2550\u2550\u2550\u2550\u2550\u2550\u2550\u2550\u2550\u2550\u2550\u2550\u2550\u2550\u2550\u2550\u2550\u2550\u2550\u2550\u2550\u2550\u2550\u2550\u2550\u2550\u2550\u2550\u2550\u2550 *\/\n#ino-page {\n    --navy: #020817; --gold: #c9a84c; --gold-lt: #e8c97a;\n    --gold-dim: #7a6030; --white: #f5f5f7; --white-pure: #ffffff;\n    --gray: #94a3b8; --border: rgba(201,168,76,.20);\n    --border-md: rgba(201,168,76,.35); --teal: #0d9488;\n    \n    width: 100vw; position: relative; left: 50%; right: 50%;\n    margin-left: -50vw; margin-right: -50vw;\n    font-family: 'DM Sans', sans-serif; box-sizing: border-box;\n    display: flex; flex-direction: column; z-index: 1; \n    background-color: var(--navy);\n}\n#ino-page * { box-sizing: border-box; }\n\n.ino-hero {\n    position: relative; overflow: hidden; color: var(--white);\n    min-height: 85vh; display: flex; align-items: center; padding: 60px 0;\n}\n.ino-hero::before {\n    content:'';position:absolute;inset:0;\n    background-image: linear-gradient(rgba(201,168,76,.015) 1px,transparent 1px),\n                      linear-gradient(90deg,rgba(201,168,76,.015) 1px,transparent 1px);\n    background-size:64px 64px;pointer-events:none;\n}\n.ino-hero-inner {\n    position:relative; max-width:1200px; margin:0 auto; padding: 20px 20px;\n    display: grid; grid-template-columns: 1.2fr 0.8fr; gap: 60px; align-items: center; width: 100%;\n}\n.ino-eyebrow {\n    font-family:'DM Mono',monospace;font-size:11px; letter-spacing:.30em;text-transform:uppercase;color:var(--gold);\n    display:flex;align-items:center;gap:14px;margin-bottom:24px;\n}\n.ino-eyebrow::before {\n    content:'';display:block;width:32px;height:1px; background:linear-gradient(90deg,var(--gold),transparent);\n}\n.ino-hero-title {\n    font-family:'Playfair Display',serif; font-size:clamp(2.5rem, 4vw, 4rem);\n    font-weight:900; line-height:1.1; color:var(--white-pure); margin:0 0 24px;\n}\n.ino-hero-title em { color:var(--gold); font-style:italic; }\n.ino-hero-desc {\n    color:var(--gray); font-size:1.1rem; line-height:1.6; margin:0 0 40px; font-weight:300; max-width: 500px;\n}\n.ino-feat-grid { display:grid; grid-template-columns:1fr 1fr; gap:16px; width:100%; max-width: 600px; }\n.ino-feat {\n    display:flex; gap:14px; padding:16px; border:1px solid var(--border);\n    border-radius:8px; background:rgba(13,30,58,.4); transition: .3s;\n}\n.ino-feat:hover {\n    border-color:var(--border-md); background:rgba(13,30,58,.65); transform:translateY(-2px);\n}\n.ino-feat-icon {\n    width:40px; height:40px; border-radius:8px; background:rgba(201,168,76,.07); border:1px solid rgba(201,168,76,.18);\n    display:grid; place-items:center; flex-shrink:0;\n}\n.ino-feat-icon svg { width:18px; height:18px; stroke:var(--gold); fill:none; stroke-width:1.7; }\n.ino-feat-body h4 { font-size:0.9rem; font-weight:600; color:var(--white-pure); margin:0 0 4px; }\n.ino-feat-body p { font-size:0.75rem; color:var(--gray); margin:0; line-height:1.4; }\n\n.ino-form-box {\n    position: relative; background: rgba(13,30,58,.65); backdrop-filter: blur(20px); -webkit-backdrop-filter: blur(20px);\n    border: 1px solid rgba(255,255,255,.08); border-radius: 12px; padding: 40px;\n    box-shadow: 0 40px 80px -20px rgba(0,0,0,.7); width: 100%;\n}\n.ino-form-box::before {\n    content:'';position:absolute;top:0;left:0;right:0;height:2px;\n    background:linear-gradient(90deg,transparent,var(--gold),transparent);\n}\n.ino-form-title {\n    font-family:'Playfair Display',serif; font-size:1.8rem; font-weight:700; color:var(--white-pure); text-align:center; margin:0 0 8px;\n}\n.ino-form-sub {\n    font-family:'DM Mono',monospace; font-size:10px; letter-spacing:.22em; text-transform:uppercase; color:var(--gold-dim); text-align:center; display:block; margin-bottom:24px;\n}\n.ino-form-divider { height:1px; background:linear-gradient(90deg,transparent,var(--border-md),transparent); margin-bottom:24px; }\n\n\/* INPUTS *\/\n#ino-page .wpcf7-form label {\n    font-family:'DM Mono',monospace; font-size:10px; letter-spacing:.2em; color:var(--gold-dim); text-transform:uppercase; display:block; margin-bottom:8px; font-weight: 600;\n}\n#ino-page input:not([type=\"submit\"]), #ino-page textarea, #ino-page select {\n    width:100%; background:rgba(0,0,0,.30); border:1px solid rgba(255,255,255,.1); border-radius:6px; color:var(--white); padding:14px 16px; margin-bottom:18px;\n    font-family:'DM Sans',sans-serif; outline:none; font-size: 15px; transition: all 0.3s ease;\n}\n#ino-page input:focus, #ino-page textarea:focus {\n    border-color:var(--gold); background:rgba(0,0,0,.5); box-shadow: 0 0 0 2px rgba(201,168,76,0.1);\n}\n#ino-page input[type=\"submit\"] {\n    width:100%; background:linear-gradient(135deg,var(--gold),var(--gold-lt)); color:var(--navy); font-weight:800; text-transform:uppercase; letter-spacing:.1em;\n    padding:18px; border:none; border-radius:6px; cursor:pointer; transition:.3s; font-size: 14px; margin-top: 10px;\n}\n#ino-page input[type=\"submit\"]:hover { \n    transform:translateY(-2px); box-shadow:0 10px 32px rgba(201,168,76,.35); filter: brightness(1.1);\n}\n#ino-page .wpcf7-response-output {\n    border: 1px solid var(--border) !important; background: rgba(201,168,76,0.1) !important; color: var(--gold-lt) !important;\n    font-size: 13px; border-radius: 6px; padding: 10px; margin-top: 15px;\n}\n\n@media (max-width:1024px) {\n    .ino-hero { align-items: flex-start; height: auto; min-height: auto; }\n    .ino-hero-inner { grid-template-columns:1fr; gap:50px; padding: 60px 24px; text-align: center; }\n    .ino-hero-left { margin: 0 auto; }\n    .ino-eyebrow { justify-content:center; } .ino-eyebrow::before { display:none; }\n    .ino-hero-desc { margin-left: auto; margin-right: auto; }\n    .ino-feat-grid { margin: 0 auto; } .ino-feat { text-align: left; }\n    .ino-form-box { max-width: 600px; margin: 0 auto; }\n}\n<\/style>\n\n<div id=\"ino-page\">\n  <section class=\"ino-hero\">\n    <div class=\"ino-hero-inner\">\n      <div class=\"ino-hero-left\">\n        <span class=\"ino-eyebrow\">Atendimento INOVAMED<\/span>\n        <h1 class=\"ino-hero-title\">Vamos Construir<br>o <em>Futuro?<\/em><\/h1>\n        <p class=\"ino-hero-desc\">Seja para acelerar sua carreira com os cursos AIMED ou para desenvolver projetos de IA na sua institui\u00e7\u00e3o, nossa equipe est\u00e1 pronta.<\/p>\n        <div class=\"ino-feat-grid\">\n          <div class=\"ino-feat\">\n            <div class=\"ino-feat-icon\"><svg viewBox=\"0 0 24 24\"><path d=\"M2 3h6a4 4 0 0 1 4 4v14a3 3 0 0 0-3-3H2z\"\/><path d=\"M22 3h-6a4 4 0 0 0-4 4v14a3 3 0 0 1 3-3h7z\"\/><\/svg><\/div>\n            <div class=\"ino-feat-body\"><h4>Cursos AIMED<\/h4><p>D\u00favidas sobre turmas.<\/p><\/div>\n          <\/div>\n          <div class=\"ino-feat\">\n            <div class=\"ino-feat-icon\"><svg viewBox=\"0 0 24 24\"><circle cx=\"18\" cy=\"5\" r=\"3\"\/><circle cx=\"6\" cy=\"12\" r=\"3\"\/><circle cx=\"18\" cy=\"19\" r=\"3\"\/><line x1=\"8.59\" y1=\"13.51\" x2=\"15.42\" y2=\"17.49\"\/><line x1=\"15.41\" y1=\"6.51\" x2=\"8.59\" y2=\"10.49\"\/><\/svg><\/div>\n            <div class=\"ino-feat-body\"><h4>Parcerias<\/h4><p>Projetos de inova\u00e7\u00e3o.<\/p><\/div>\n          <\/div>\n          <div class=\"ino-feat\">\n            <div class=\"ino-feat-icon\"><svg viewBox=\"0 0 24 24\"><rect x=\"2\" y=\"7\" width=\"20\" height=\"14\" rx=\"2\" ry=\"2\"\/><path d=\"M16 7V5a2 2 0 0 0-2-2h-4a2 2 0 0 0-2 2v2\"\/><line x1=\"12\" y1=\"12\" x2=\"12\" y2=\"16\"\/><line x1=\"10\" y1=\"14\" x2=\"14\" y2=\"14\"\/><\/svg><\/div>\n            <div class=\"ino-feat-body\"><h4>Corporativo<\/h4><p>Treinamentos in-company.<\/p><\/div>\n          <\/div>\n          <div class=\"ino-feat\">\n            <div class=\"ino-feat-icon\"><svg viewBox=\"0 0 24 24\"><path d=\"M3 18v-6a9 9 0 0 1 18 0v6\"\/><path d=\"M21 19a2 2 0 0 1-2 2h-1a2 2 0 0 1-2-2v-3a2 2 0 0 1 2-2h3z\"\/><path d=\"M3 19a2 2 0 0 0 2 2h1a2 2 0 0 0 2-2v-3a2 2 0 0 0-2-2H3z\"\/><\/svg><\/div>\n            <div class=\"ino-feat-body\"><h4>Suporte<\/h4><p>Atendimento ao aluno.<\/p><\/div>\n          <\/div>\n        <\/div>\n      <\/div>\n      <div class=\"ino-hero-right\">\n        <div class=\"ino-form-box\">\n          <h3 class=\"ino-form-title\">Fale Conosco<\/h3>\n          <span class=\"ino-form-sub\">Retornamos em at\u00e9 24h \u00fateis<\/span>\n          <div class=\"ino-form-divider\"><\/div>\n          \n<div class=\"wpcf7 no-js\" id=\"wpcf7-f522-o1\" lang=\"pt-BR\" dir=\"ltr\" data-wpcf7-id=\"522\">\n<div class=\"screen-reader-response\"><p role=\"status\" aria-live=\"polite\" aria-atomic=\"true\"><\/p> <ul><\/ul><\/div>\n<form action=\"\/index.php?rest_route=%2Fwp%2Fv2%2Fpages%2F106#wpcf7-f522-o1\" method=\"post\" class=\"wpcf7-form init\" aria-label=\"Formul\u00e1rios de contato\" novalidate=\"novalidate\" data-status=\"init\">\n<div style=\"display: none;\">\n<input type=\"hidden\" name=\"_wpcf7\" value=\"522\" \/>\n<input type=\"hidden\" name=\"_wpcf7_version\" value=\"6.0.1\" \/>\n<input type=\"hidden\" name=\"_wpcf7_locale\" value=\"pt_BR\" \/>\n<input type=\"hidden\" name=\"_wpcf7_unit_tag\" value=\"wpcf7-f522-o1\" \/>\n<input type=\"hidden\" name=\"_wpcf7_container_post\" value=\"0\" \/>\n<input type=\"hidden\" name=\"_wpcf7_posted_data_hash\" value=\"\" \/>\n<\/div>\n<p><label> Seu Nome<br \/>\n<span class=\"wpcf7-form-control-wrap\" data-name=\"your-name\"><input size=\"40\" maxlength=\"400\" class=\"wpcf7-form-control wpcf7-text wpcf7-validates-as-required\" autocomplete=\"name\" aria-required=\"true\" aria-invalid=\"false\" value=\"\" type=\"text\" name=\"your-name\" \/><\/span> <\/label>\n<\/p>\n<p><label> Seu E-mail<br \/>\n<span class=\"wpcf7-form-control-wrap\" data-name=\"your-email\"><input size=\"40\" maxlength=\"400\" class=\"wpcf7-form-control wpcf7-email wpcf7-validates-as-required wpcf7-text wpcf7-validates-as-email\" autocomplete=\"email\" aria-required=\"true\" aria-invalid=\"false\" value=\"\" type=\"email\" name=\"your-email\" \/><\/span> <\/label>\n<\/p>\n<p><label> Assunto<br \/>\n<span class=\"wpcf7-form-control-wrap\" data-name=\"your-subject\"><input size=\"40\" maxlength=\"400\" class=\"wpcf7-form-control wpcf7-text wpcf7-validates-as-required\" aria-required=\"true\" aria-invalid=\"false\" value=\"\" type=\"text\" name=\"your-subject\" \/><\/span> <\/label>\n<\/p>\n<p><label> Sua Mensagem (opcional)<br \/>\n<span class=\"wpcf7-form-control-wrap\" data-name=\"your-message\"><textarea cols=\"40\" rows=\"10\" maxlength=\"2000\" class=\"wpcf7-form-control wpcf7-textarea\" aria-invalid=\"false\" name=\"your-message\"><\/textarea><\/span> <\/label>\n<\/p>\n<p><input class=\"wpcf7-form-control wpcf7-submit has-spinner\" type=\"submit\" value=\"Enviar Mensagem\" \/>\n<\/p><div class=\"wpcf7-response-output\" aria-hidden=\"true\"><\/div>\n<\/form>\n<\/div>\n\n        <\/div>\n      <\/div>\n    <\/div>\n  <\/section>\n<\/div>\n\n<a href=\"#\" id=\"ino-btt-gold\" aria-label=\"Voltar ao topo\">\n    <svg viewBox=\"0 0 24 24\" stroke-linecap=\"round\" stroke-linejoin=\"round\">\n        <polyline points=\"18 15 12 9 6 15\"><\/polyline>\n    <\/svg>\n<\/a>\n\n<script>\ndocument.addEventListener(\"DOMContentLoaded\", function() {\n    \n    \/\/ Elemento do bot\u00e3o\n    var btt = document.getElementById('ino-btt-gold');\n    \n    \/\/ Monitora o scroll\n    window.addEventListener('scroll', function() {\n        \/\/ Se descer mais de 400px, adiciona a classe que torna vis\u00edvel\n        if (window.scrollY > 400) {\n            btt.classList.add('is-visible');\n        } else {\n            btt.classList.remove('is-visible');\n        }\n    });\n\n    \/\/ A\u00e7\u00e3o de clique (rolagem suave)\n    btt.addEventListener('click', function(e) {\n        e.preventDefault();\n        window.scrollTo({\n            top: 0,\n            behavior: 'smooth'\n        });\n    });\n});\n<\/script><p><\/p><div class=\"brz-root__container\">\u00a0<\/div><p><\/p>","protected":false},"excerpt":{"rendered":"<p>Atendimento INOVAMED Vamos Construiro Futuro? Seja para acelerar sua carreira com os cursos AIMED ou para desenvolver projetos de IA na sua institui\u00e7\u00e3o, nossa equipe est\u00e1 pronta. Cursos AIMED D\u00favidas sobre turmas. Parcerias Projetos de inova\u00e7\u00e3o. Corporativo Treinamentos in-company. Suporte Atendimento ao aluno. Fale Conosco Retornamos em at\u00e9 24h \u00fateis<span class=\"more-link\"><a href=\"https:\/\/inovamed.pro\/?page_id=106\">LEIA O ARTIGO COMPLETO<\/a><\/span><\/p>\n","protected":false},"author":1,"featured_media":0,"parent":0,"menu_order":0,"comment_status":"closed","ping_status":"closed","template":"brizy-blank-template.php","meta":{"footnotes":""},"class_list":["entry","author-mbulabarros","post-106","page","type-page","status-publish"],"yoast_head":"<!-- This site is optimized with the Yoast SEO plugin v23.9 - https:\/\/yoast.com\/wordpress\/plugins\/seo\/ -->\n<title>Fale Conosco - INOVAMED<\/title>\n<meta name=\"robots\" content=\"index, follow, max-snippet:-1, max-image-preview:large, max-video-preview:-1\" \/>\n<link rel=\"canonical\" href=\"https:\/\/inovamed.pro\/?page_id=106\" \/>\n<meta property=\"og:locale\" content=\"pt_BR\" \/>\n<meta property=\"og:type\" content=\"article\" \/>\n<meta property=\"og:title\" content=\"Fale Conosco - INOVAMED\" \/>\n<meta property=\"og:description\" content=\"Atendimento INOVAMED Vamos Construiro Futuro? Seja para acelerar sua carreira com os cursos AIMED ou para desenvolver projetos de IA na sua institui\u00e7\u00e3o, nossa equipe est\u00e1 pronta. Cursos AIMED D\u00favidas sobre turmas. Parcerias Projetos de inova\u00e7\u00e3o. Corporativo Treinamentos in-company. Suporte Atendimento ao aluno. Fale Conosco Retornamos em at\u00e9 24h \u00fateisLEIA O ARTIGO COMPLETO\" \/>\n<meta property=\"og:url\" content=\"https:\/\/inovamed.pro\/?page_id=106\" \/>\n<meta property=\"og:site_name\" content=\"INOVAMED\" \/>\n<meta property=\"article:modified_time\" content=\"2026-02-19T02:44:36+00:00\" \/>\n<meta name=\"twitter:card\" content=\"summary_large_image\" \/>\n<meta name=\"twitter:label1\" content=\"Est. tempo de leitura\" \/>\n\t<meta name=\"twitter:data1\" content=\"1 minuto\" \/>\n<script type=\"application\/ld+json\" class=\"yoast-schema-graph\">{\"@context\":\"https:\/\/schema.org\",\"@graph\":[{\"@type\":\"WebPage\",\"@id\":\"https:\/\/inovamed.pro\/?page_id=106\",\"url\":\"https:\/\/inovamed.pro\/?page_id=106\",\"name\":\"Fale Conosco - INOVAMED\",\"isPartOf\":{\"@id\":\"https:\/\/inovamed.pro\/#website\"},\"datePublished\":\"2024-12-10T18:38:20+00:00\",\"dateModified\":\"2026-02-19T02:44:36+00:00\",\"breadcrumb\":{\"@id\":\"https:\/\/inovamed.pro\/?page_id=106#breadcrumb\"},\"inLanguage\":\"pt-BR\",\"potentialAction\":[{\"@type\":\"ReadAction\",\"target\":[\"https:\/\/inovamed.pro\/?page_id=106\"]}]},{\"@type\":\"BreadcrumbList\",\"@id\":\"https:\/\/inovamed.pro\/?page_id=106#breadcrumb\",\"itemListElement\":[{\"@type\":\"ListItem\",\"position\":1,\"name\":\"Home\",\"item\":\"https:\/\/inovamed.pro\/\"},{\"@type\":\"ListItem\",\"position\":2,\"name\":\"Fale Conosco\"}]},{\"@type\":\"WebSite\",\"@id\":\"https:\/\/inovamed.pro\/#website\",\"url\":\"https:\/\/inovamed.pro\/\",\"name\":\"INOVAMED\",\"description\":\"\",\"publisher\":{\"@id\":\"https:\/\/inovamed.pro\/#organization\"},\"potentialAction\":[{\"@type\":\"SearchAction\",\"target\":{\"@type\":\"EntryPoint\",\"urlTemplate\":\"https:\/\/inovamed.pro\/?s={search_term_string}\"},\"query-input\":{\"@type\":\"PropertyValueSpecification\",\"valueRequired\":true,\"valueName\":\"search_term_string\"}}],\"inLanguage\":\"pt-BR\"},{\"@type\":\"Organization\",\"@id\":\"https:\/\/inovamed.pro\/#organization\",\"name\":\"INOVAMED\",\"url\":\"https:\/\/inovamed.pro\/\",\"logo\":{\"@type\":\"ImageObject\",\"inLanguage\":\"pt-BR\",\"@id\":\"https:\/\/inovamed.pro\/#\/schema\/logo\/image\/\",\"url\":\"https:\/\/inovamed.pro\/wp-content\/uploads\/2024\/12\/cropped-DALL\u00b7E-2024-12-10-13.53.06-A-hyperrealistic-3D-rendering-of-a-half-human-brain-merged-with-circuit-board-patterns-viewed-from-a-slight-side-angle.-The-brains-left-hemisphere-s.webp\",\"contentUrl\":\"https:\/\/inovamed.pro\/wp-content\/uploads\/2024\/12\/cropped-DALL\u00b7E-2024-12-10-13.53.06-A-hyperrealistic-3D-rendering-of-a-half-human-brain-merged-with-circuit-board-patterns-viewed-from-a-slight-side-angle.-The-brains-left-hemisphere-s.webp\",\"width\":1706,\"height\":1023,\"caption\":\"INOVAMED\"},\"image\":{\"@id\":\"https:\/\/inovamed.pro\/#\/schema\/logo\/image\/\"}}]}<\/script>\n<!-- \/ Yoast SEO plugin. -->","yoast_head_json":{"title":"Fale Conosco - INOVAMED","robots":{"index":"index","follow":"follow","max-snippet":"max-snippet:-1","max-image-preview":"max-image-preview:large","max-video-preview":"max-video-preview:-1"},"canonical":"https:\/\/inovamed.pro\/?page_id=106","og_locale":"pt_BR","og_type":"article","og_title":"Fale Conosco - INOVAMED","og_description":"Atendimento INOVAMED Vamos Construiro Futuro? Seja para acelerar sua carreira com os cursos AIMED ou para desenvolver projetos de IA na sua institui\u00e7\u00e3o, nossa equipe est\u00e1 pronta. Cursos AIMED D\u00favidas sobre turmas. Parcerias Projetos de inova\u00e7\u00e3o. Corporativo Treinamentos in-company. Suporte Atendimento ao aluno. Fale Conosco Retornamos em at\u00e9 24h \u00fateisLEIA O ARTIGO COMPLETO","og_url":"https:\/\/inovamed.pro\/?page_id=106","og_site_name":"INOVAMED","article_modified_time":"2026-02-19T02:44:36+00:00","twitter_card":"summary_large_image","twitter_misc":{"Est. tempo de leitura":"1 minuto"},"schema":{"@context":"https:\/\/schema.org","@graph":[{"@type":"WebPage","@id":"https:\/\/inovamed.pro\/?page_id=106","url":"https:\/\/inovamed.pro\/?page_id=106","name":"Fale Conosco - INOVAMED","isPartOf":{"@id":"https:\/\/inovamed.pro\/#website"},"datePublished":"2024-12-10T18:38:20+00:00","dateModified":"2026-02-19T02:44:36+00:00","breadcrumb":{"@id":"https:\/\/inovamed.pro\/?page_id=106#breadcrumb"},"inLanguage":"pt-BR","potentialAction":[{"@type":"ReadAction","target":["https:\/\/inovamed.pro\/?page_id=106"]}]},{"@type":"BreadcrumbList","@id":"https:\/\/inovamed.pro\/?page_id=106#breadcrumb","itemListElement":[{"@type":"ListItem","position":1,"name":"Home","item":"https:\/\/inovamed.pro\/"},{"@type":"ListItem","position":2,"name":"Fale Conosco"}]},{"@type":"WebSite","@id":"https:\/\/inovamed.pro\/#website","url":"https:\/\/inovamed.pro\/","name":"INOVAMED","description":"","publisher":{"@id":"https:\/\/inovamed.pro\/#organization"},"potentialAction":[{"@type":"SearchAction","target":{"@type":"EntryPoint","urlTemplate":"https:\/\/inovamed.pro\/?s={search_term_string}"},"query-input":{"@type":"PropertyValueSpecification","valueRequired":true,"valueName":"search_term_string"}}],"inLanguage":"pt-BR"},{"@type":"Organization","@id":"https:\/\/inovamed.pro\/#organization","name":"INOVAMED","url":"https:\/\/inovamed.pro\/","logo":{"@type":"ImageObject","inLanguage":"pt-BR","@id":"https:\/\/inovamed.pro\/#\/schema\/logo\/image\/","url":"https:\/\/inovamed.pro\/wp-content\/uploads\/2024\/12\/cropped-DALL\u00b7E-2024-12-10-13.53.06-A-hyperrealistic-3D-rendering-of-a-half-human-brain-merged-with-circuit-board-patterns-viewed-from-a-slight-side-angle.-The-brains-left-hemisphere-s.webp","contentUrl":"https:\/\/inovamed.pro\/wp-content\/uploads\/2024\/12\/cropped-DALL\u00b7E-2024-12-10-13.53.06-A-hyperrealistic-3D-rendering-of-a-half-human-brain-merged-with-circuit-board-patterns-viewed-from-a-slight-side-angle.-The-brains-left-hemisphere-s.webp","width":1706,"height":1023,"caption":"INOVAMED"},"image":{"@id":"https:\/\/inovamed.pro\/#\/schema\/logo\/image\/"}}]}},"_links":{"self":[{"href":"https:\/\/inovamed.pro\/index.php?rest_route=\/wp\/v2\/pages\/106","targetHints":{"allow":["GET"]}}],"collection":[{"href":"https:\/\/inovamed.pro\/index.php?rest_route=\/wp\/v2\/pages"}],"about":[{"href":"https:\/\/inovamed.pro\/index.php?rest_route=\/wp\/v2\/types\/page"}],"author":[{"embeddable":true,"href":"https:\/\/inovamed.pro\/index.php?rest_route=\/wp\/v2\/users\/1"}],"replies":[{"embeddable":true,"href":"https:\/\/inovamed.pro\/index.php?rest_route=%2Fwp%2Fv2%2Fcomments&post=106"}],"version-history":[{"count":5,"href":"https:\/\/inovamed.pro\/index.php?rest_route=\/wp\/v2\/pages\/106\/revisions"}],"predecessor-version":[{"id":2516,"href":"https:\/\/inovamed.pro\/index.php?rest_route=\/wp\/v2\/pages\/106\/revisions\/2516"}],"wp:attachment":[{"href":"https:\/\/inovamed.pro\/index.php?rest_route=%2Fwp%2Fv2%2Fmedia&parent=106"}],"curies":[{"name":"wp","href":"https:\/\/api.w.org\/{rel}","templated":true}]}}